{"id":92,"date":"2018-11-14T22:52:43","date_gmt":"2018-11-14T21:52:43","guid":{"rendered":"http:\/\/omsfel.fr\/?page_id=92"},"modified":"2026-04-10T15:31:36","modified_gmt":"2026-04-10T13:31:36","slug":"contact","status":"publish","type":"page","link":"https:\/\/omsfel.fr\/index.php\/contact\/","title":{"rendered":"Contact"},"content":{"rendered":"\n<p>Formulaire de contact<br><\/p>\n\n\n<p>\n<div class=\"wpcf7 no-js\" id=\"wpcf7-f838-o1\" lang=\"fr-FR\" dir=\"ltr\" data-wpcf7-id=\"838\">\n<div class=\"screen-reader-response\"><p role=\"status\" aria-live=\"polite\" aria-atomic=\"true\"><\/p> <ul><\/ul><\/div>\n<form action=\"\/index.php\/wp-json\/wp\/v2\/pages\/92#wpcf7-f838-o1\" method=\"post\" class=\"wpcf7-form init\" aria-label=\"Formulaire de contact\" novalidate=\"novalidate\" data-status=\"init\">\n<fieldset class=\"hidden-fields-container\"><input type=\"hidden\" name=\"_wpcf7\" value=\"838\" \/><input type=\"hidden\" name=\"_wpcf7_version\" value=\"6.1.5\" \/><input type=\"hidden\" name=\"_wpcf7_locale\" value=\"fr_FR\" \/><input type=\"hidden\" name=\"_wpcf7_unit_tag\" value=\"wpcf7-f838-o1\" \/><input type=\"hidden\" name=\"_wpcf7_container_post\" value=\"0\" \/><input type=\"hidden\" name=\"_wpcf7_posted_data_hash\" value=\"\" \/><input type=\"hidden\" name=\"_wpcf7_recaptcha_response\" value=\"\" \/>\n<\/fieldset>\n<p><label> Votre nom<br \/>\n<span class=\"wpcf7-form-control-wrap\" data-name=\"your-name\"><input size=\"40\" maxlength=\"400\" class=\"wpcf7-form-control wpcf7-text wpcf7-validates-as-required\" autocomplete=\"name\" aria-required=\"true\" aria-invalid=\"false\" value=\"\" type=\"text\" name=\"your-name\" \/><\/span> <\/label>\n<\/p>\n<p><label> Votre e-mail<br \/>\n<span class=\"wpcf7-form-control-wrap\" data-name=\"your-email\"><input size=\"40\" maxlength=\"400\" class=\"wpcf7-form-control wpcf7-email wpcf7-validates-as-required wpcf7-text wpcf7-validates-as-email\" autocomplete=\"email\" aria-required=\"true\" aria-invalid=\"false\" value=\"\" type=\"email\" name=\"your-email\" \/><\/span> <\/label>\n<\/p>\n<p><label> Objet<br \/>\n<span class=\"wpcf7-form-control-wrap\" data-name=\"your-subject\"><input size=\"40\" maxlength=\"400\" class=\"wpcf7-form-control wpcf7-text wpcf7-validates-as-required\" aria-required=\"true\" aria-invalid=\"false\" value=\"\" type=\"text\" name=\"your-subject\" \/><\/span> <\/label>\n<\/p>\n<p><label> Votre message (facultatif)<br \/>\n<span class=\"wpcf7-form-control-wrap\" data-name=\"your-message\"><textarea cols=\"40\" rows=\"10\" maxlength=\"2000\" class=\"wpcf7-form-control wpcf7-textarea\" aria-invalid=\"false\" name=\"your-message\"><\/textarea><\/span> <\/label>\n<\/p>\n<p><input class=\"wpcf7-form-control wpcf7-submit has-spinner\" type=\"submit\" value=\"Envoyer\" \/>\n<\/p><div class=\"wpcf7-response-output\" aria-hidden=\"true\"><\/div>\n<\/form>\n<\/div>\n<br \/>\n<div class=\"gglcptch gglcptch_v3\"><input type=\"hidden\" id=\"g-recaptcha-response\" name=\"g-recaptcha-response\" \/><br \/><div class=\"gglcptch_error_text\">La p\u00e9riode de v\u00e9rification reCAPTCHA a expir\u00e9. Veuillez recharger la page.<\/div><\/div><\/p>\n\n\n\n<p><\/p>\n\n\n\n<p>&#8212;&#8212;&#8212;&#8212;&#8212;&#8212;&#8212;&#8212;&#8212;&#8212;&#8212;&#8212;&#8212;&#8212;&#8212;&#8212;&#8212;&#8212;&#8212;&#8212;&#8212;&#8212;&#8212;&#8212;&#8212;&#8212;&#8212;&#8212;&#8212;&#8212;&#8212;&#8212;&#8211;<\/p>\n\n\n\n<p><\/p>\n\n\n\n<p><\/p>\n\n\n\n<p><strong>Membres du Bureau:<\/strong><\/p>\n\n\n\n<p><strong><em>Pr\u00e9sident&nbsp;:<\/em><\/strong>  Jean.Christophe VERGEZ Tel: 06 82 37 80 96<\/p>\n\n\n\n<p><strong><em>Vice-pr\u00e9sidentes&nbsp;: <\/em><\/strong>Catherine MILORD ;  Val\u00e9rie MATTEI DEMAZEAU<\/p>\n\n\n\n<p><strong><em>Tr\u00e9sorier&nbsp;: <\/em><\/strong>Marie-Jos\u00e9 POTOCKI <\/p>\n\n\n\n<p><strong><em>Tr\u00e9sorier adjoints&nbsp;: <\/em><\/strong>Gilles B\u00c9COT<br><br><strong><em>Secr\u00e9taire&nbsp;:<\/em><\/strong> Bernard PELLIZZARI<br><br><strong><em>Secr\u00e9taire Adjoint&nbsp;:<\/em><\/strong> Sylvie TRIPELON<\/p>\n\n\n\n<p><strong><em>Autre membre du Bureau\u00a0:<\/em><\/strong>Jean-Luc CARR\u00c9 ; Josiane REBILLAT; Fran\u00e7ois GAULT; Christophe TRIPELON, Antoine MARIE, Jean-Pierre COCHON, Thierry POISSON,  Isabelle ZAHN<br><\/p>\n\n\n\n<p><\/p>\n","protected":false},"excerpt":{"rendered":"<p>Formulaire de contact &#8212;&#8212;&#8212;&#8212;&#8212;&#8212;&#8212;&#8212;&#8212;&#8212;&#8212;&#8212;&#8212;&#8212;&#8212;&#8212;&#8212;&#8212;&#8212;&#8212;&#8212;&#8212;&#8212;&#8212;&#8212;&#8212;&#8212;&#8212;&#8212;&#8212;&#8212;&#8212;&#8211; Membres du Bureau: Pr\u00e9sident&nbsp;: Jean.Christophe VERGEZ Tel: 06 82 37 80 96 Vice-pr\u00e9sidentes&nbsp;: Catherine MILORD ; Val\u00e9rie MATTEI DEMAZEAU Tr\u00e9sorier&nbsp;: Marie-Jos\u00e9 POTOCKI Tr\u00e9sorier adjoints&nbsp;: Gilles B\u00c9COT Secr\u00e9taire&nbsp;: Bernard PELLIZZARI Secr\u00e9taire Adjoint&nbsp;: Sylvie TRIPELON Autre membre du Bureau\u00a0:Jean-Luc CARR\u00c9 ; Josiane REBILLAT; Fran\u00e7ois GAULT; Christophe TRIPELON, Antoine MARIE, Jean-Pierre COCHON, Thierry POISSON, [&hellip;]<\/p>\n","protected":false},"author":1,"featured_media":0,"parent":0,"menu_order":0,"comment_status":"closed","ping_status":"closed","template":"","meta":{"footnotes":""},"class_list":["post-92","page","type-page","status-publish","hentry"],"_links":{"self":[{"href":"https:\/\/omsfel.fr\/index.php\/wp-json\/wp\/v2\/pages\/92","targetHints":{"allow":["GET"]}}],"collection":[{"href":"https:\/\/omsfel.fr\/index.php\/wp-json\/wp\/v2\/pages"}],"about":[{"href":"https:\/\/omsfel.fr\/index.php\/wp-json\/wp\/v2\/types\/page"}],"author":[{"embeddable":true,"href":"https:\/\/omsfel.fr\/index.php\/wp-json\/wp\/v2\/users\/1"}],"replies":[{"embeddable":true,"href":"https:\/\/omsfel.fr\/index.php\/wp-json\/wp\/v2\/comments?post=92"}],"version-history":[{"count":23,"href":"https:\/\/omsfel.fr\/index.php\/wp-json\/wp\/v2\/pages\/92\/revisions"}],"predecessor-version":[{"id":1147,"href":"https:\/\/omsfel.fr\/index.php\/wp-json\/wp\/v2\/pages\/92\/revisions\/1147"}],"wp:attachment":[{"href":"https:\/\/omsfel.fr\/index.php\/wp-json\/wp\/v2\/media?parent=92"}],"curies":[{"name":"wp","href":"https:\/\/api.w.org\/{rel}","templated":true}]}}