{"id":80,"date":"2018-11-14T22:30:40","date_gmt":"2018-11-14T21:30:40","guid":{"rendered":"http:\/\/omsfel.fr\/?page_id=80"},"modified":"2025-08-18T16:01:42","modified_gmt":"2025-08-18T14:01:42","slug":"cms","status":"publish","type":"page","link":"https:\/\/omsfel.fr\/index.php\/cms\/","title":{"rendered":"Cms (visites m\u00e9dicales)"},"content":{"rendered":"\n<p><\/p>\n\n\n\n<p>Le centre m\u00e9dico-sportif s&rsquo;adresse \u00e0 tous les sportifs licenci\u00e9s dans une association de la commune de Mign\u00e9-Auxances et dont la pratique sportive exige un certificat m\u00e9dical d\u2019aptitude.<\/p>\n\n\n\n<p>Les consultations m\u00e9dicales sont assur\u00e9es au centre m\u00e9dical du sport situ\u00e9 au complexe sportif 57 route de Poitiers \u00e0 Migne-Auxances .<\/p>\n\n\n\n<p>Au cours de cette visite, un \u00e9lectrocardiogramme pourra \u00eatre, \u00e9ventuellement, effectu\u00e9.<\/p>\n\n\n\n<p>Attention seul les adh\u00e9rents des associations de Mign\u00e9-Auxances peuvent b\u00e9n\u00e9ficier d&rsquo;une consultation au CMS. <\/p>\n\n\n\n<p>Demande de cr\u00e9neau CMS dans le formulaire<\/p>\n\n\n\n<p><iframe loading=\"lazy\" src=\"https:\/\/docs.google.com\/forms\/d\/1G8Mh2khPeqc33PV8tYv9sIgfRI8HLx5o-y_2e01E13o\/viewform?embedded=true\" marginheight=\"0\" marginwidth=\"0\" width=\"640\" height=\"1578\" frameborder=\"0\">Chargement en cours&#8230;<\/iframe><\/p>\n","protected":false},"excerpt":{"rendered":"<p>Le centre m\u00e9dico-sportif s&rsquo;adresse \u00e0 tous les sportifs licenci\u00e9s dans une association de la commune de Mign\u00e9-Auxances et dont la pratique sportive exige un certificat m\u00e9dical d\u2019aptitude. Les consultations m\u00e9dicales sont assur\u00e9es au centre m\u00e9dical du sport situ\u00e9 au complexe sportif 57 route de Poitiers \u00e0 Migne-Auxances . Au cours de cette visite, un \u00e9lectrocardiogramme [&hellip;]<\/p>\n","protected":false},"author":1,"featured_media":0,"parent":0,"menu_order":0,"comment_status":"closed","ping_status":"closed","template":"","meta":{"footnotes":""},"class_list":["post-80","page","type-page","status-publish","hentry"],"_links":{"self":[{"href":"https:\/\/omsfel.fr\/index.php\/wp-json\/wp\/v2\/pages\/80","targetHints":{"allow":["GET"]}}],"collection":[{"href":"https:\/\/omsfel.fr\/index.php\/wp-json\/wp\/v2\/pages"}],"about":[{"href":"https:\/\/omsfel.fr\/index.php\/wp-json\/wp\/v2\/types\/page"}],"author":[{"embeddable":true,"href":"https:\/\/omsfel.fr\/index.php\/wp-json\/wp\/v2\/users\/1"}],"replies":[{"embeddable":true,"href":"https:\/\/omsfel.fr\/index.php\/wp-json\/wp\/v2\/comments?post=80"}],"version-history":[{"count":15,"href":"https:\/\/omsfel.fr\/index.php\/wp-json\/wp\/v2\/pages\/80\/revisions"}],"predecessor-version":[{"id":988,"href":"https:\/\/omsfel.fr\/index.php\/wp-json\/wp\/v2\/pages\/80\/revisions\/988"}],"wp:attachment":[{"href":"https:\/\/omsfel.fr\/index.php\/wp-json\/wp\/v2\/media?parent=80"}],"curies":[{"name":"wp","href":"https:\/\/api.w.org\/{rel}","templated":true}]}}