{"id":707,"date":"2024-01-30T19:54:09","date_gmt":"2024-01-30T18:54:09","guid":{"rendered":"http:\/\/omsfel.fr\/?page_id=707"},"modified":"2025-05-03T21:50:01","modified_gmt":"2025-05-03T19:50:01","slug":"reservation-minibus","status":"publish","type":"page","link":"https:\/\/omsfel.fr\/index.php\/reservation-minibus\/","title":{"rendered":"R\u00e9servation minibus"},"content":{"rendered":"\n<p>L&rsquo;OMSFEL met &nbsp;\u00e0 la disposition des associations adh\u00e9rentes et&nbsp;ayant leur si\u00e8ge social sur la commune de Mign\u00e9-Auxances, un minibus de marque Renault Trafic 8 places + 1 chauffeur, utilis\u00e9 uniquement pour le transport de personnes et leur mat\u00e9riel si besoin.<\/p>\n\n\n\n<p>L&rsquo;OMSFEL&nbsp;se r\u00e9serve le droit de modifier une r\u00e9servation.<\/p>\n\n\n\n<p>Documents \u00e0 lire avant de r\u00e9server:<br>&#8211; <span><a href=\"http:\/\/omsfel.fr\/wp-content\/uploads\/2025\/05\/convention-pret-Omsfel-05-2025.pdf\">convention de pr\u00eat de v\u00e9hicule OMSFEL<\/a><\/span> (Ce document est approuv\u00e9 lorsque vous validez le formulaire, il n&rsquo;est pas n\u00e9cessaire de nous le renvoyer)<br>&#8211; <a href=\"http:\/\/omsfel.fr\/wp-content\/uploads\/2024\/02\/ANNEXE-ASSURANCE-VEHICULE-OMSFEL.pdf\">ANNEXE ASSURANCE VEHICULE OMSFEL<\/a><br><br>Un ch\u00e8que de caution de 800\u20ac (non encaiss\u00e9) est demand\u00e9 tous les ans \u00e0 la premi\u00e8re r\u00e9servation de l&rsquo;ann\u00e9e, il sera d\u00e9chir\u00e9 \u00e0 la fin du mois de d\u00e9cembre.<br><br>Nous vous rappelons que le v\u00e9hicule est pris en charge et restitu\u00e9 les jours ouvrables \u00e0 l\u2019EHPAD de Mign\u00e9-Auxances pendant les horaires d\u2019ouverture de l\u2019accueil :<strong>du lundi au vendredi de 8h30 \u00e0 12h30 et de 13h30 \u00e0 17h00<\/strong><\/p>\n\n\n\n<p><mark style=\"background-color:rgba(0, 0, 0, 0)\" class=\"has-inline-color has-vivid-red-color\"><strong>Sur l&rsquo;agenda ci dessous, vous avez  un r\u00e9sum\u00e9 des r\u00e9servations du minibus OMSFEL d\u00e9j\u00e0 effectu\u00e9es et vous devez v\u00e9rifier si le minibus est d\u00e9j\u00e0 r\u00e9serv\u00e9 avant de faire votre r\u00e9servation.<\/strong><\/mark><\/p>\n\n\n\n<p><\/p>\n\n\n<p><iframe loading=\"lazy\" src=\"https:\/\/calendar.google.com\/calendar\/embed?src=f819ba13bc3e9b4d0e765e1507e296fa31e22b28b2cd508725f23cc965ef5e15%40group.calendar.google.com&#038;ctz=Europe%2FParis\" style=\"border: 0\" width=\"800\" height=\"600\" frameborder=\"0\" scrolling=\"no\"><\/iframe><\/p>\n\n\n<h1 class=\"wp-block-heading\"><\/h1>\n\n\n\n<p>Merci de remplir tous les champs puis cliquer en bas de page sur \u00ab\u00a0SUIVANT\u00a0\u00bb&#8230;*<\/p>\n\n\n\n<p><\/p>\n\n\n<p><iframe loading=\"lazy\" src=\"https:\/\/docs.google.com\/forms\/d\/e\/1FAIpQLScz69saVECQcj5NENNnTyCDFlFTOcJXLf2hGcn2QjGZlMXDZQ\/viewform?embedded=true\" width=\"640\" height=\"2508\" frameborder=\"0\" marginheight=\"0\" marginwidth=\"0\">Chargement\u2026<\/iframe><\/p>","protected":false},"excerpt":{"rendered":"<p>L&rsquo;OMSFEL met &nbsp;\u00e0 la disposition des associations adh\u00e9rentes et&nbsp;ayant leur si\u00e8ge social sur la commune de Mign\u00e9-Auxances, un minibus de marque Renault Trafic 8 places + 1 chauffeur, utilis\u00e9 uniquement pour le transport de personnes et leur mat\u00e9riel si besoin. L&rsquo;OMSFEL&nbsp;se r\u00e9serve le droit de modifier une r\u00e9servation. Documents \u00e0 lire avant de r\u00e9server:&#8211; convention [&hellip;]<\/p>\n","protected":false},"author":1,"featured_media":0,"parent":0,"menu_order":0,"comment_status":"closed","ping_status":"closed","template":"","meta":{"footnotes":""},"class_list":["post-707","page","type-page","status-publish","hentry"],"_links":{"self":[{"href":"https:\/\/omsfel.fr\/index.php\/wp-json\/wp\/v2\/pages\/707","targetHints":{"allow":["GET"]}}],"collection":[{"href":"https:\/\/omsfel.fr\/index.php\/wp-json\/wp\/v2\/pages"}],"about":[{"href":"https:\/\/omsfel.fr\/index.php\/wp-json\/wp\/v2\/types\/page"}],"author":[{"embeddable":true,"href":"https:\/\/omsfel.fr\/index.php\/wp-json\/wp\/v2\/users\/1"}],"replies":[{"embeddable":true,"href":"https:\/\/omsfel.fr\/index.php\/wp-json\/wp\/v2\/comments?post=707"}],"version-history":[{"count":20,"href":"https:\/\/omsfel.fr\/index.php\/wp-json\/wp\/v2\/pages\/707\/revisions"}],"predecessor-version":[{"id":958,"href":"https:\/\/omsfel.fr\/index.php\/wp-json\/wp\/v2\/pages\/707\/revisions\/958"}],"wp:attachment":[{"href":"https:\/\/omsfel.fr\/index.php\/wp-json\/wp\/v2\/media?parent=707"}],"curies":[{"name":"wp","href":"https:\/\/api.w.org\/{rel}","templated":true}]}}